{"id":277,"date":"2025-10-27T11:27:07","date_gmt":"2025-10-27T10:27:07","guid":{"rendered":"https:\/\/yasmina.test\/experiencia\/"},"modified":"2026-02-20T13:21:56","modified_gmt":"2026-02-20T12:21:56","slug":"experience","status":"publish","type":"page","link":"https:\/\/www.yasminalancina.com\/en\/experience\/","title":{"rendered":"Experience"},"content":{"rendered":"\t\t<div data-elementor-type=\"wp-page\" data-elementor-id=\"277\" class=\"elementor elementor-277 elementor-30\" data-elementor-post-type=\"page\">\n\t\t\t\t<div class=\"elementor-element elementor-element-0f4209f e-flex e-con-boxed e-con e-parent\" data-id=\"0f4209f\" data-element_type=\"container\" data-e-type=\"container\">\n\t\t\t\t\t<div class=\"e-con-inner\">\n\t\t\t\t<div class=\"elementor-element elementor-element-0addc7f elementor-widget elementor-widget-heading\" data-id=\"0addc7f\" data-element_type=\"widget\" data-e-type=\"widget\" data-widget_type=\"heading.default\">\n\t\t\t\t\t<h2 class=\"elementor-heading-title elementor-size-default\">About<\/h2>\t\t\t\t<\/div>\n\t\t\t\t\t<\/div>\n\t\t\t\t<\/div>\n\t\t<div class=\"elementor-element elementor-element-59747b9 e-flex e-con-boxed e-con e-parent\" data-id=\"59747b9\" data-element_type=\"container\" data-e-type=\"container\">\n\t\t\t\t\t<div class=\"e-con-inner\">\n\t\t\t\t<div class=\"elementor-element elementor-element-402f4b1 topimgradius elementor-widget elementor-widget-image\" data-id=\"402f4b1\" data-element_type=\"widget\" data-e-type=\"widget\" data-widget_type=\"image.default\">\n\t\t\t\t\t\t\t\t\t\t\t\t\t\t\t<img fetchpriority=\"high\" decoding=\"async\" width=\"1140\" height=\"855\" src=\"https:\/\/www.yasminalancina.com\/wp-content\/uploads\/about.jpg\" class=\"attachment-full size-full wp-image-278\" alt=\"\" srcset=\"https:\/\/www.yasminalancina.com\/wp-content\/uploads\/about.jpg 1140w, https:\/\/www.yasminalancina.com\/wp-content\/uploads\/about-768x576.jpg 768w\" sizes=\"(max-width: 1140px) 100vw, 1140px\" \/>\t\t\t\t\t\t\t\t\t\t\t\t\t\t\t<\/div>\n\t\t\t\t\t<\/div>\n\t\t\t\t<\/div>\n\t\t<div class=\"elementor-element elementor-element-61488a3 e-flex e-con-boxed e-con e-parent\" data-id=\"61488a3\" data-element_type=\"container\" data-e-type=\"container\">\n\t\t\t\t\t<div class=\"e-con-inner\">\n\t\t<div class=\"elementor-element elementor-element-0a459da e-con-full e-flex e-con e-child\" data-id=\"0a459da\" data-element_type=\"container\" data-e-type=\"container\">\n\t\t\t\t<div class=\"elementor-element elementor-element-2c24422 elementor-widget elementor-widget-text-editor\" data-id=\"2c24422\" data-element_type=\"widget\" data-e-type=\"widget\" data-widget_type=\"text-editor.default\">\n\t\t\t\t\t\t\t\t\t<p><strong><u>Awards<\/u><\/strong><\/p><p>\u00a0<\/p><p><strong>2013 Shortlist<br \/><\/strong><strong>Cannes Lions<br \/><\/strong>Atresmedia \u2013 <em>Fusi\u00f3n<\/em><\/p><p><strong>2013 Anuari de la\u00a0<\/strong><strong>Creativitat<br \/><\/strong><strong>CDC<br \/><\/strong>Atresmedia &#8211; <em>Fusi\u00f3n<\/em><\/p><p><strong>2013 Sol de Plata<br \/><\/strong>Atresmedia &#8211; <em>Fusi\u00f3n<\/em><strong><br \/><\/strong><\/p><p><strong>2011 Silver<br \/><\/strong><strong>Cannes Lions<br \/><\/strong>La Marat\u00f3 TV3 \u2013 <em>Team Hoyt<\/em><\/p><p><strong>2011 Merit Award<br \/><\/strong><strong>The One Show<br \/><\/strong>La Marat\u00f3 TV3 \u2013 <em>Team Hoyt<\/em><\/p><p><strong>2011 Plata<br \/><\/strong><strong>FIAP<br \/><\/strong>La Marat\u00f3 TV3 \u2013 <em>Team Hoyt<\/em><\/p><p><strong>2011 Plata<br \/><\/strong><strong>EFI<br \/><\/strong>La Marat\u00f3 TV3 \u2013 <em>Team Hoyt<\/em><\/p>\t\t\t\t\t\t\t\t<\/div>\n\t\t\t\t<\/div>\n\t\t<div class=\"elementor-element elementor-element-cd486af e-con-full e-flex e-con e-child\" data-id=\"cd486af\" data-element_type=\"container\" data-e-type=\"container\">\n\t\t\t\t<div class=\"elementor-element elementor-element-5028c04 elementor-widget elementor-widget-text-editor\" data-id=\"5028c04\" data-element_type=\"widget\" data-e-type=\"widget\" data-widget_type=\"text-editor.default\">\n\t\t\t\t\t\t\t\t\t<p><strong><u>Experience<\/u><\/strong><\/p><p><strong><br \/>Freelance<br \/><\/strong>(2016 \u2013 Now)<\/p><p><strong>Normmal Agency<br \/><\/strong>(2022 \u2013 Now)<\/p><p><strong>Bloc D Studio<br \/><\/strong>(2018 \u2013 2022)<\/p><p><strong>After Agency<br \/><\/strong>(2012 \u2013 2018)<\/p><p><strong>Ogilvy<br \/><\/strong>(2009 \u2013 2012)<\/p><p><strong>Euro RSCG<br \/><\/strong>(2006 \u2013 2009)<\/p>\t\t\t\t\t\t\t\t<\/div>\n\t\t\t\t<\/div>\n\t\t<div class=\"elementor-element elementor-element-2c60107 e-con-full e-flex e-con e-child\" data-id=\"2c60107\" data-element_type=\"container\" data-e-type=\"container\">\n\t\t\t\t<div class=\"elementor-element elementor-element-5929aac elementor-widget elementor-widget-text-editor\" data-id=\"5929aac\" data-element_type=\"widget\" data-e-type=\"widget\" data-widget_type=\"text-editor.default\">\n\t\t\t\t\t\t\t\t\t<p><strong><u>Education<\/u><\/strong><br \/><br \/><strong><br \/>Master\u2019s Degree in Creative Writing<br \/><\/strong>(Aut\u00f3noma Barcelona)<\/p><p><strong>Bachelor\u2019s Degree in Advertising and Public Relations<br \/><\/strong>(Universitat de Barcelona)<\/p>\t\t\t\t\t\t\t\t<\/div>\n\t\t\t\t<\/div>\n\t\t<div class=\"elementor-element elementor-element-b77006b e-con-full e-flex e-con e-child\" data-id=\"b77006b\" data-element_type=\"container\" data-e-type=\"container\">\n\t\t\t\t<div class=\"elementor-element elementor-element-826dd18 elementor-widget elementor-widget-text-editor\" data-id=\"826dd18\" data-element_type=\"widget\" data-e-type=\"widget\" data-widget_type=\"text-editor.default\">\n\t\t\t\t\t\t\t\t\t<p><strong><u>Talks<\/u><\/strong><\/p><p><strong><u><br \/><\/u><\/strong><strong>Branded Content Conferences in Marketing Master<br \/><\/strong>Universitat Pompeu Fabra<\/p><p><strong>Creative Communication for Kids<br \/><\/strong>Angeleta Ferrer School<br \/>Antonio Machado School<br \/>Pia Santa Anna School<br \/>Sant Josep School<\/p>\t\t\t\t\t\t\t\t<\/div>\n\t\t\t\t<\/div>\n\t\t\t\t\t<\/div>\n\t\t\t\t<\/div>\n\t\t\t\t<\/div>\n\t\t","protected":false},"excerpt":{"rendered":"<p>About Awards \u00a0 2013 ShortlistCannes LionsAtresmedia \u2013 Fusi\u00f3n 2013 Anuari de la\u00a0CreativitatCDCAtresmedia &#8211; Fusi\u00f3n 2013 Sol de PlataAtresmedia &#8211; Fusi\u00f3n 2011 SilverCannes LionsLa Marat\u00f3 TV3 \u2013 Team Hoyt 2011 Merit AwardThe One ShowLa Marat\u00f3 TV3 \u2013 Team Hoyt 2011 PlataFIAPLa Marat\u00f3 TV3 \u2013 Team Hoyt 2011 PlataEFILa Marat\u00f3 TV3 \u2013 Team Hoyt Experience Freelance(2016 \u2013 [&hellip;]<\/p>\n","protected":false},"author":1,"featured_media":0,"parent":0,"menu_order":0,"comment_status":"closed","ping_status":"closed","template":"","meta":{"_acf_changed":false,"footnotes":""},"class_list":["post-277","page","type-page","status-publish","hentry"],"acf":[],"yoast_head":"<!-- This site is optimized with the Yoast SEO plugin v27.2 - https:\/\/yoast.com\/product\/yoast-seo-wordpress\/ -->\n<title>Experience in creative communication - Yasmina Lancina<\/title>\n<meta name=\"description\" content=\"Information about Yasmina Lancina&#039;s (Creative Director) educational and professional experience in creative and advertising communication\" \/>\n<meta name=\"robots\" content=\"index, follow, max-snippet:-1, max-image-preview:large, max-video-preview:-1\" \/>\n<link rel=\"canonical\" href=\"https:\/\/www.yasminalancina.com\/en\/experience\/\" \/>\n<meta property=\"og:locale\" content=\"en_US\" \/>\n<meta property=\"og:type\" content=\"article\" \/>\n<meta property=\"og:title\" content=\"Experience in creative communication - Yasmina Lancina\" \/>\n<meta property=\"og:description\" content=\"Information about Yasmina Lancina&#039;s (Creative Director) educational and professional experience in creative and advertising communication\" \/>\n<meta property=\"og:url\" content=\"https:\/\/www.yasminalancina.com\/en\/experience\/\" \/>\n<meta property=\"og:site_name\" content=\"Yasmina Lancina\" \/>\n<meta property=\"article:modified_time\" content=\"2026-02-20T12:21:56+00:00\" \/>\n<meta property=\"og:image\" content=\"https:\/\/www.yasminalancina.com\/wp-content\/uploads\/about.jpg\" \/>\n\t<meta property=\"og:image:width\" content=\"1140\" \/>\n\t<meta property=\"og:image:height\" content=\"855\" \/>\n\t<meta property=\"og:image:type\" content=\"image\/jpeg\" \/>\n<meta name=\"twitter:card\" content=\"summary_large_image\" \/>\n<meta name=\"twitter:label1\" content=\"Est. reading time\" \/>\n\t<meta name=\"twitter:data1\" content=\"1 minute\" \/>\n<script type=\"application\/ld+json\" class=\"yoast-schema-graph\">{\"@context\":\"https:\/\/schema.org\",\"@graph\":[{\"@type\":\"WebPage\",\"@id\":\"https:\/\/www.yasminalancina.com\/en\/experience\/\",\"url\":\"https:\/\/www.yasminalancina.com\/en\/experience\/\",\"name\":\"Experience in creative communication - Yasmina Lancina\",\"isPartOf\":{\"@id\":\"https:\/\/www.yasminalancina.com\/en\/#website\"},\"primaryImageOfPage\":{\"@id\":\"https:\/\/www.yasminalancina.com\/en\/experience\/#primaryimage\"},\"image\":{\"@id\":\"https:\/\/www.yasminalancina.com\/en\/experience\/#primaryimage\"},\"thumbnailUrl\":\"https:\/\/www.yasminalancina.com\/wp-content\/uploads\/about.jpg\",\"datePublished\":\"2025-10-27T10:27:07+00:00\",\"dateModified\":\"2026-02-20T12:21:56+00:00\",\"description\":\"Information about Yasmina Lancina's (Creative Director) educational and professional experience in creative and advertising communication\",\"breadcrumb\":{\"@id\":\"https:\/\/www.yasminalancina.com\/en\/experience\/#breadcrumb\"},\"inLanguage\":\"en-US\",\"potentialAction\":[{\"@type\":\"ReadAction\",\"target\":[\"https:\/\/www.yasminalancina.com\/en\/experience\/\"]}]},{\"@type\":\"ImageObject\",\"inLanguage\":\"en-US\",\"@id\":\"https:\/\/www.yasminalancina.com\/en\/experience\/#primaryimage\",\"url\":\"https:\/\/www.yasminalancina.com\/wp-content\/uploads\/about.jpg\",\"contentUrl\":\"https:\/\/www.yasminalancina.com\/wp-content\/uploads\/about.jpg\"},{\"@type\":\"BreadcrumbList\",\"@id\":\"https:\/\/www.yasminalancina.com\/en\/experience\/#breadcrumb\",\"itemListElement\":[{\"@type\":\"ListItem\",\"position\":1,\"name\":\"Portada\",\"item\":\"https:\/\/www.yasminalancina.com\/en\/\"},{\"@type\":\"ListItem\",\"position\":2,\"name\":\"Experience\"}]},{\"@type\":\"WebSite\",\"@id\":\"https:\/\/www.yasminalancina.com\/en\/#website\",\"url\":\"https:\/\/www.yasminalancina.com\/en\/\",\"name\":\"Yasmina Lancina\",\"description\":\"\",\"potentialAction\":[{\"@type\":\"SearchAction\",\"target\":{\"@type\":\"EntryPoint\",\"urlTemplate\":\"https:\/\/www.yasminalancina.com\/en\/?s={search_term_string}\"},\"query-input\":{\"@type\":\"PropertyValueSpecification\",\"valueRequired\":true,\"valueName\":\"search_term_string\"}}],\"inLanguage\":\"en-US\"}]}<\/script>\n<!-- \/ Yoast SEO plugin. -->","yoast_head_json":{"title":"Experience in creative communication - Yasmina Lancina","description":"Information about Yasmina Lancina's (Creative Director) educational and professional experience in creative and advertising communication","robots":{"index":"index","follow":"follow","max-snippet":"max-snippet:-1","max-image-preview":"max-image-preview:large","max-video-preview":"max-video-preview:-1"},"canonical":"https:\/\/www.yasminalancina.com\/en\/experience\/","og_locale":"en_US","og_type":"article","og_title":"Experience in creative communication - Yasmina Lancina","og_description":"Information about Yasmina Lancina's (Creative Director) educational and professional experience in creative and advertising communication","og_url":"https:\/\/www.yasminalancina.com\/en\/experience\/","og_site_name":"Yasmina Lancina","article_modified_time":"2026-02-20T12:21:56+00:00","og_image":[{"width":1140,"height":855,"url":"https:\/\/www.yasminalancina.com\/wp-content\/uploads\/about.jpg","type":"image\/jpeg"}],"twitter_card":"summary_large_image","twitter_misc":{"Est. reading time":"1 minute"},"schema":{"@context":"https:\/\/schema.org","@graph":[{"@type":"WebPage","@id":"https:\/\/www.yasminalancina.com\/en\/experience\/","url":"https:\/\/www.yasminalancina.com\/en\/experience\/","name":"Experience in creative communication - Yasmina Lancina","isPartOf":{"@id":"https:\/\/www.yasminalancina.com\/en\/#website"},"primaryImageOfPage":{"@id":"https:\/\/www.yasminalancina.com\/en\/experience\/#primaryimage"},"image":{"@id":"https:\/\/www.yasminalancina.com\/en\/experience\/#primaryimage"},"thumbnailUrl":"https:\/\/www.yasminalancina.com\/wp-content\/uploads\/about.jpg","datePublished":"2025-10-27T10:27:07+00:00","dateModified":"2026-02-20T12:21:56+00:00","description":"Information about Yasmina Lancina's (Creative Director) educational and professional experience in creative and advertising communication","breadcrumb":{"@id":"https:\/\/www.yasminalancina.com\/en\/experience\/#breadcrumb"},"inLanguage":"en-US","potentialAction":[{"@type":"ReadAction","target":["https:\/\/www.yasminalancina.com\/en\/experience\/"]}]},{"@type":"ImageObject","inLanguage":"en-US","@id":"https:\/\/www.yasminalancina.com\/en\/experience\/#primaryimage","url":"https:\/\/www.yasminalancina.com\/wp-content\/uploads\/about.jpg","contentUrl":"https:\/\/www.yasminalancina.com\/wp-content\/uploads\/about.jpg"},{"@type":"BreadcrumbList","@id":"https:\/\/www.yasminalancina.com\/en\/experience\/#breadcrumb","itemListElement":[{"@type":"ListItem","position":1,"name":"Portada","item":"https:\/\/www.yasminalancina.com\/en\/"},{"@type":"ListItem","position":2,"name":"Experience"}]},{"@type":"WebSite","@id":"https:\/\/www.yasminalancina.com\/en\/#website","url":"https:\/\/www.yasminalancina.com\/en\/","name":"Yasmina Lancina","description":"","potentialAction":[{"@type":"SearchAction","target":{"@type":"EntryPoint","urlTemplate":"https:\/\/www.yasminalancina.com\/en\/?s={search_term_string}"},"query-input":{"@type":"PropertyValueSpecification","valueRequired":true,"valueName":"search_term_string"}}],"inLanguage":"en-US"}]}},"_links":{"self":[{"href":"https:\/\/www.yasminalancina.com\/en\/wp-json\/wp\/v2\/pages\/277","targetHints":{"allow":["GET"]}}],"collection":[{"href":"https:\/\/www.yasminalancina.com\/en\/wp-json\/wp\/v2\/pages"}],"about":[{"href":"https:\/\/www.yasminalancina.com\/en\/wp-json\/wp\/v2\/types\/page"}],"author":[{"embeddable":true,"href":"https:\/\/www.yasminalancina.com\/en\/wp-json\/wp\/v2\/users\/1"}],"replies":[{"embeddable":true,"href":"https:\/\/www.yasminalancina.com\/en\/wp-json\/wp\/v2\/comments?post=277"}],"version-history":[{"count":0,"href":"https:\/\/www.yasminalancina.com\/en\/wp-json\/wp\/v2\/pages\/277\/revisions"}],"wp:attachment":[{"href":"https:\/\/www.yasminalancina.com\/en\/wp-json\/wp\/v2\/media?parent=277"}],"curies":[{"name":"wp","href":"https:\/\/api.w.org\/{rel}","templated":true}]}}